{"id":28,"date":"2024-04-03T00:26:26","date_gmt":"2024-04-03T05:26:26","guid":{"rendered":"https:\/\/codebv.org.co\/?page_id=28"},"modified":"2024-04-03T01:17:26","modified_gmt":"2024-04-03T06:17:26","slug":"contacto","status":"publish","type":"page","link":"https:\/\/codebv.org.co\/index.php\/contacto\/","title":{"rendered":"Contacto"},"content":{"rendered":"\n<h2 class=\"wp-block-heading\">Contacto<\/h2>\n\n\n\n<p>Aqui se dispone de la informaci\u00f3n de contacto con la organizaci\u00f3n.<\/p>\n\n\n\n<p>Formulario de contacto para consultas generales o solicitudes de colaboraci\u00f3n.<br>Informaci\u00f3n de ubicaci\u00f3n, direcci\u00f3n f\u00edsica y detalles de contacto.<\/p>\n","protected":false},"excerpt":{"rendered":"<p>Contacto Aqui se dispone de la informaci\u00f3n de contacto con la organizaci\u00f3n. Formulario de contacto para consultas generales o solicitudes de colaboraci\u00f3n.Informaci\u00f3n de ubicaci\u00f3n, direcci\u00f3n f\u00edsica y detalles de contacto.<\/p>\n","protected":false},"author":2,"featured_media":7,"parent":0,"menu_order":0,"comment_status":"closed","ping_status":"closed","template":"","meta":{"_kad_post_transparent":"","_kad_post_title":"","_kad_post_layout":"","_kad_post_sidebar_id":"","_kad_post_content_style":"","_kad_post_vertical_padding":"","_kad_post_feature":"","_kad_post_feature_position":"","_kad_post_header":false,"_kad_post_footer":false,"footnotes":""},"class_list":["post-28","page","type-page","status-publish","has-post-thumbnail","hentry"],"_links":{"self":[{"href":"https:\/\/codebv.org.co\/index.php\/wp-json\/wp\/v2\/pages\/28"}],"collection":[{"href":"https:\/\/codebv.org.co\/index.php\/wp-json\/wp\/v2\/pages"}],"about":[{"href":"https:\/\/codebv.org.co\/index.php\/wp-json\/wp\/v2\/types\/page"}],"author":[{"embeddable":true,"href":"https:\/\/codebv.org.co\/index.php\/wp-json\/wp\/v2\/users\/2"}],"replies":[{"embeddable":true,"href":"https:\/\/codebv.org.co\/index.php\/wp-json\/wp\/v2\/comments?post=28"}],"version-history":[{"count":1,"href":"https:\/\/codebv.org.co\/index.php\/wp-json\/wp\/v2\/pages\/28\/revisions"}],"predecessor-version":[{"id":29,"href":"https:\/\/codebv.org.co\/index.php\/wp-json\/wp\/v2\/pages\/28\/revisions\/29"}],"wp:featuredmedia":[{"embeddable":true,"href":"https:\/\/codebv.org.co\/index.php\/wp-json\/wp\/v2\/media\/7"}],"wp:attachment":[{"href":"https:\/\/codebv.org.co\/index.php\/wp-json\/wp\/v2\/media?parent=28"}],"curies":[{"name":"wp","href":"https:\/\/api.w.org\/{rel}","templated":true}]}}