{"id":45,"date":"2024-04-03T01:12:40","date_gmt":"2024-04-03T06:12:40","guid":{"rendered":"https:\/\/codebv.org.co\/?page_id=45"},"modified":"2024-04-03T01:50:49","modified_gmt":"2024-04-03T06:50:49","slug":"inicio","status":"publish","type":"page","link":"https:\/\/codebv.org.co\/","title":{"rendered":"Inicio"},"content":{"rendered":"\n<div class=\"wp-block-cover alignfull has-parallax\" style=\"min-height:100vh;aspect-ratio:unset;\"><span aria-hidden=\"true\" class=\"wp-block-cover__background has-background-dim-40 has-background-dim\" style=\"background-color:#000000\"><\/span><div class=\"wp-block-cover__image-background wp-image-42 has-parallax\" style=\"background-position:50% 50%;background-image:url(https:\/\/codebv.org.co\/wp-content\/uploads\/2024\/04\/excursion1.jpg)\"><\/div><div class=\"wp-block-cover__inner-container is-layout-flow wp-block-cover-is-layout-flow\">\n<div class=\"wp-block-columns alignwide is-layout-flex wp-container-core-columns-is-layout-1 wp-block-columns-is-layout-flex\">\n<div class=\"wp-block-column is-layout-flow wp-block-column-is-layout-flow\" style=\"flex-basis:60%\">\n<p class=\"has-xxlarge-font-size\"><strong>CODEBV<\/strong> &#8211; Corporaci\u00f3n para el desarrollo y buen vivir<\/p>\n\n\n\n<div class=\"wp-block-buttons is-content-justification-left is-layout-flex wp-container-core-buttons-is-layout-1 wp-block-buttons-is-layout-flex\">\n<div class=\"wp-block-button is-style-outline is-style-outline--c87b6e797f09169c43628ce582e0208c\"><a class=\"wp-block-button__link has-text-color has-background wp-element-button\" href=\"#Explorar\" style=\"color:#ffffff;background-color:#000000\">\u00a1Conocer M\u00e1s!<\/a><\/div>\n<\/div>\n<\/div>\n\n\n\n<div class=\"wp-block-column is-layout-flow wp-block-column-is-layout-flow\"><\/div>\n<\/div>\n<\/div><\/div>\n\n\n\n<h2 class=\"wp-block-heading\" id=\"Explorar\">CODEBV<\/h2>\n\n\n\n<p>Breve descripci\u00f3n de la corporaci\u00f3n y sus valores fundamentales.<br>\u00daltimas noticias y eventos relevantes.<\/p>\n\n\n\n<p><\/p>\n\n\n\n<hr class=\"wp-block-separator has-alpha-channel-opacity\"\/>\n\n\n<ul class=\"wp-block-latest-posts__list is-grid columns-3 has-dates has-author wp-block-latest-posts\"><li><div class=\"wp-block-latest-posts__featured-image\"><img loading=\"lazy\" decoding=\"async\" width=\"100\" height=\"150\" src=\"https:\/\/codebv.org.co\/wp-content\/uploads\/2024\/04\/body-of-water.jpg\" class=\"attachment-thumbnail size-thumbnail wp-post-image\" alt=\"body of water\" style=\"\" \/><\/div><a class=\"wp-block-latest-posts__post-title\" href=\"https:\/\/codebv.org.co\/index.php\/2024\/04\/03\/la-importancia-del-agua-para-el-desarrollo-sostenible-y-el-bienestar\/\">La importancia del agua para el desarrollo sostenible y el bienestar<\/a><div class=\"wp-block-latest-posts__post-author\">por CODEBV<\/div><time datetime=\"2024-04-03T00:36:52-05:00\" class=\"wp-block-latest-posts__post-date\">abril 3, 2024<\/time><div class=\"wp-block-latest-posts__post-excerpt\">La importancia del agua para el desarrollo y el bienestar El agua es un recurso fundamental para la vida en nuestro planeta. No solo es esencial para nuestra supervivencia, sino que tambi\u00e9n juega un papel crucial en el desarrollo y el bienestar de las sociedades. En este art\u00edculo, exploraremos la importancia del agua y c\u00f3mo&#8230;<\/div><\/li>\n<li><div class=\"wp-block-latest-posts__featured-image\"><img loading=\"lazy\" decoding=\"async\" width=\"150\" height=\"100\" src=\"https:\/\/codebv.org.co\/wp-content\/uploads\/2024\/04\/green-plant-in-macro-lens.jpg\" class=\"attachment-thumbnail size-thumbnail wp-post-image\" alt=\"green plant in macro lens\" style=\"\" \/><\/div><a class=\"wp-block-latest-posts__post-title\" href=\"https:\/\/codebv.org.co\/index.php\/2024\/04\/03\/la-importancia-de-preservar-las-costumbres-culturales-y-ancestrales-de-los-indigenas-del-cauca-en-colombia\/\">La importancia de preservar las costumbres culturales y ancestrales de los ind\u00edgenas del Cauca en Colombia<\/a><div class=\"wp-block-latest-posts__post-author\">por CODEBV<\/div><time datetime=\"2024-04-03T00:34:21-05:00\" class=\"wp-block-latest-posts__post-date\">abril 3, 2024<\/time><div class=\"wp-block-latest-posts__post-excerpt\">La importancia de mantener las costumbres culturales y ancestrales de los ind\u00edgenas del Cauca en Colombia Colombia es un pa\u00eds rico en diversidad cultural, y una de las regiones que destaca por su riqueza ancestral es el Cauca. Los ind\u00edgenas que habitan esta regi\u00f3n han conservado a lo largo de los a\u00f1os sus costumbres y&#8230;<\/div><\/li>\n<li><div class=\"wp-block-latest-posts__featured-image\"><img loading=\"lazy\" decoding=\"async\" width=\"100\" height=\"150\" src=\"https:\/\/codebv.org.co\/wp-content\/uploads\/2024\/04\/green-trees-under-white-sky-during-daytime.jpg\" class=\"attachment-thumbnail size-thumbnail wp-post-image\" alt=\"green trees under white sky during daytime\" style=\"\" \/><\/div><a class=\"wp-block-latest-posts__post-title\" href=\"https:\/\/codebv.org.co\/index.php\/2024\/04\/03\/beneficios-de-gestionar-proyectos-para-el-desarrollo-y-buen-vivir\/\">Beneficios de gestionar proyectos para el desarrollo y buen vivir<\/a><div class=\"wp-block-latest-posts__post-author\">por CODEBV<\/div><time datetime=\"2024-04-03T00:30:18-05:00\" class=\"wp-block-latest-posts__post-date\">abril 3, 2024<\/time><div class=\"wp-block-latest-posts__post-excerpt\">Beneficios de gestionar proyectos para el desarrollo y buen vivir Gestionar proyectos para el desarrollo y buen vivir puede tener numerosos beneficios tanto a nivel individual como colectivo. Estas iniciativas buscan mejorar la calidad de vida de las personas y promover un desarrollo sostenible en diferentes \u00e1reas. A continuaci\u00f3n, se presentan algunos de los principales&#8230;<\/div><\/li>\n<\/ul>\n\n\n<hr class=\"wp-block-separator has-alpha-channel-opacity\"\/>\n\n\n\n<p>ejemplo<\/p>\n\n\n\n<p>Menci\u00f3n de ejemplo<\/p>\n","protected":false},"excerpt":{"rendered":"<p>CODEBV Breve descripci\u00f3n de la corporaci\u00f3n y sus valores fundamentales.\u00daltimas noticias y eventos relevantes. ejemplo Menci\u00f3n de ejemplo<\/p>\n","protected":false},"author":2,"featured_media":7,"parent":0,"menu_order":0,"comment_status":"closed","ping_status":"closed","template":"","meta":{"_kad_post_transparent":"","_kad_post_title":"","_kad_post_layout":"","_kad_post_sidebar_id":"","_kad_post_content_style":"","_kad_post_vertical_padding":"","_kad_post_feature":"","_kad_post_feature_position":"","_kad_post_header":false,"_kad_post_footer":false,"footnotes":""},"class_list":["post-45","page","type-page","status-publish","has-post-thumbnail","hentry"],"_links":{"self":[{"href":"https:\/\/codebv.org.co\/index.php\/wp-json\/wp\/v2\/pages\/45"}],"collection":[{"href":"https:\/\/codebv.org.co\/index.php\/wp-json\/wp\/v2\/pages"}],"about":[{"href":"https:\/\/codebv.org.co\/index.php\/wp-json\/wp\/v2\/types\/page"}],"author":[{"embeddable":true,"href":"https:\/\/codebv.org.co\/index.php\/wp-json\/wp\/v2\/users\/2"}],"replies":[{"embeddable":true,"href":"https:\/\/codebv.org.co\/index.php\/wp-json\/wp\/v2\/comments?post=45"}],"version-history":[{"count":15,"href":"https:\/\/codebv.org.co\/index.php\/wp-json\/wp\/v2\/pages\/45\/revisions"}],"predecessor-version":[{"id":69,"href":"https:\/\/codebv.org.co\/index.php\/wp-json\/wp\/v2\/pages\/45\/revisions\/69"}],"wp:featuredmedia":[{"embeddable":true,"href":"https:\/\/codebv.org.co\/index.php\/wp-json\/wp\/v2\/media\/7"}],"wp:attachment":[{"href":"https:\/\/codebv.org.co\/index.php\/wp-json\/wp\/v2\/media?parent=45"}],"curies":[{"name":"wp","href":"https:\/\/api.w.org\/{rel}","templated":true}]}}