{"id":6,"date":"2024-04-02T23:41:29","date_gmt":"2024-04-03T04:41:29","guid":{"rendered":"https:\/\/codebv.org.co\/?page_id=6"},"modified":"2024-04-03T00:21:37","modified_gmt":"2024-04-03T05:21:37","slug":"quienes-somos","status":"publish","type":"page","link":"https:\/\/codebv.org.co\/index.php\/quienes-somos\/","title":{"rendered":"Qui\u00e9nes Somos"},"content":{"rendered":"\n<h2 class=\"wp-block-heading\">Sobre CODEBV<\/h2>\n\n\n\n<p><strong>Misi\u00f3n<\/strong><\/p>\n\n\n\n<p>La Corporaci\u00f3n para el Desarrollo y Buen Vivir &#8211; CODEBV, le corresponde dinamizar las iniciativas de las comunidades, a trav\u00e9s de una comunicaci\u00f3n permanente con: las estructuras propias (JAC, Autoridades y Programas) e instituciones publicas y privadas, mediante el an\u00e1lisis, formulaci\u00f3n, gesti\u00f3n y seguimiento de las iniciativas para el buen vivir de la comunidad. <\/p>\n\n\n\n<p><strong>Visi\u00f3n<\/strong><\/p>\n\n\n\n<p style=\"font-size:18px\">Mantener los procesos de unidad organizativa, para generar las condiciones que nos permitan lograr el buen vivir de las comunidades.<\/p>\n\n\n\n<hr class=\"wp-block-separator has-alpha-channel-opacity\"\/>\n\n\n\n<p>Se complementa con:<\/p>\n\n\n\n<ul class=\"wp-block-list\">\n<li>Historia y misi\u00f3n de la corporaci\u00f3n.<\/li>\n\n\n\n<li>Equipo directivo y colaboradores clave.<\/li>\n\n\n\n<li>Testimonios y casos de \u00e9xito.<\/li>\n<\/ul>\n","protected":false},"excerpt":{"rendered":"<p>Sobre CODEBV Misi\u00f3n La Corporaci\u00f3n para el Desarrollo y Buen Vivir &#8211; CODEBV, le corresponde dinamizar las iniciativas de las comunidades, a trav\u00e9s de una comunicaci\u00f3n permanente con: las estructuras propias (JAC, Autoridades y Programas) e instituciones publicas y privadas, mediante el an\u00e1lisis, formulaci\u00f3n, gesti\u00f3n y seguimiento de las iniciativas para el buen vivir de&#8230;<\/p>\n","protected":false},"author":1,"featured_media":7,"parent":0,"menu_order":0,"comment_status":"closed","ping_status":"closed","template":"","meta":{"_kad_post_transparent":"","_kad_post_title":"","_kad_post_layout":"","_kad_post_sidebar_id":"","_kad_post_content_style":"","_kad_post_vertical_padding":"","_kad_post_feature":"","_kad_post_feature_position":"","_kad_post_header":false,"_kad_post_footer":false,"footnotes":""},"class_list":["post-6","page","type-page","status-publish","has-post-thumbnail","hentry"],"_links":{"self":[{"href":"https:\/\/codebv.org.co\/index.php\/wp-json\/wp\/v2\/pages\/6"}],"collection":[{"href":"https:\/\/codebv.org.co\/index.php\/wp-json\/wp\/v2\/pages"}],"about":[{"href":"https:\/\/codebv.org.co\/index.php\/wp-json\/wp\/v2\/types\/page"}],"author":[{"embeddable":true,"href":"https:\/\/codebv.org.co\/index.php\/wp-json\/wp\/v2\/users\/1"}],"replies":[{"embeddable":true,"href":"https:\/\/codebv.org.co\/index.php\/wp-json\/wp\/v2\/comments?post=6"}],"version-history":[{"count":2,"href":"https:\/\/codebv.org.co\/index.php\/wp-json\/wp\/v2\/pages\/6\/revisions"}],"predecessor-version":[{"id":23,"href":"https:\/\/codebv.org.co\/index.php\/wp-json\/wp\/v2\/pages\/6\/revisions\/23"}],"wp:featuredmedia":[{"embeddable":true,"href":"https:\/\/codebv.org.co\/index.php\/wp-json\/wp\/v2\/media\/7"}],"wp:attachment":[{"href":"https:\/\/codebv.org.co\/index.php\/wp-json\/wp\/v2\/media?parent=6"}],"curies":[{"name":"wp","href":"https:\/\/api.w.org\/{rel}","templated":true}]}}